{"id":286,"date":"2021-02-28T14:54:16","date_gmt":"2021-02-28T14:54:16","guid":{"rendered":"https:\/\/bslthemes.site\/oblo\/?page_id=286"},"modified":"2022-12-03T03:38:42","modified_gmt":"2022-12-03T03:38:42","slug":"blog-2","status":"publish","type":"page","link":"https:\/\/www.casadionisio.mx\/blog\/blog-2\/","title":{"rendered":"Blog"},"content":{"rendered":"\t\t<div data-elementor-type=\"wp-page\" data-elementor-id=\"286\" class=\"elementor elementor-286\">\n\t\t\t\t\t\t\t\t\t<section class=\"elementor-section elementor-top-section elementor-element elementor-element-be40dd6 elementor-section-full_width align-center elementor-section-height-default elementor-section-height-default\" data-id=\"be40dd6\" data-element_type=\"section\">\n\t\t\t\t\t\t<div class=\"elementor-container elementor-column-gap-no\">\n\t\t\t\t\t<div class=\"elementor-column elementor-col-100 elementor-top-column elementor-element elementor-element-fa00d84\" data-id=\"fa00d84\" data-element_type=\"column\">\n\t\t\t<div class=\"elementor-widget-wrap elementor-element-populated\">\n\t\t\t\t\t\t\t\t<div class=\"elementor-element elementor-element-fc748b9 elementor-widget elementor-widget-oblo-section-heading\" data-id=\"fc748b9\" data-element_type=\"widget\" data-widget_type=\"oblo-section-heading.default\">\n\t\t\t\t<div class=\"elementor-widget-container\">\n\t\t\t\n\t\t<!-- Section Started Heading -->\n\t\t<div class=\"section section-inner started-heading\">\n\t\t\t<div class=\"container\">\n\t\t\t\t<div class=\"row\">\n\t\t\t\t\t<div class=\"col-xs-12 col-sm-12 col-md-12 col-lg-12\">\n\n\t\t\t\t\t\t<!-- titles -->\n\t\t\t\t\t\t<div class=\"h-titles\">\n\t\t\t\t\t\t\t\t\t\t\t\t\t\t<div class=\"h-subtitle red splitting-text-anim-1 scroll-animate\" data-splitting=\"chars\" data-animate=\"active\">\n\t\t\t\t\t\t\t\t<span >\n\t\t\t\t\t\t\t\t\tOur\t\t\t\t\t\t\t\t<\/span>\n\t\t\t\t\t\t\t<\/div>\n\t\t\t\t\t\t\t\t\t\t\t\t\t\t\t\t\t\t\t\t\t<div class=\"h-title splitting-text-anim-2 scroll-animate\" data-splitting=\"chars\" data-animate=\"active\">\n\t\t\t\t\t\t\t\t<span >\n\t\t\t\t\t\t\t\t\tblog\t\t\t\t\t\t\t\t<\/span>\n\t\t\t\t\t\t\t<\/div>\n\t\t\t\t\t\t\t\t\t\t\t\t\t\t\t\t\t\t\t\t<\/div>\n\n\t\t\t\t\t<\/div>\n\t\t\t\t<\/div>\n\t\t\t<\/div>\n\t\t<\/div>\n\n\t\t\t\t<\/div>\n\t\t\t\t<\/div>\n\t\t\t\t\t<\/div>\n\t\t<\/div>\n\t\t\t\t\t\t\t<\/div>\n\t\t<\/section>\n\t\t\t\t<section class=\"elementor-section elementor-top-section elementor-element elementor-element-cb9e54a elementor-section-full_width elementor-section-height-default elementor-section-height-default\" data-id=\"cb9e54a\" data-element_type=\"section\">\n\t\t\t\t\t\t<div class=\"elementor-container elementor-column-gap-no\">\n\t\t\t\t\t<div class=\"elementor-column elementor-col-100 elementor-top-column elementor-element elementor-element-781d81b\" data-id=\"781d81b\" data-element_type=\"column\">\n\t\t\t<div class=\"elementor-widget-wrap elementor-element-populated\">\n\t\t\t\t\t\t\t\t<div class=\"elementor-element elementor-element-033a103 elementor-widget elementor-widget-oblo-blog-archive\" data-id=\"033a103\" data-element_type=\"widget\" data-widget_type=\"oblo-blog-archive.default\">\n\t\t\t\t<div class=\"elementor-widget-container\">\n\t\t\t\n\t\t<!-- Section Archive -->\n\t\t<div class=\"section section-inner m-archive\">\n\t\t\t<div class=\"container\">\n\t\t\t\t<div class=\"row\">\n\t\t\t\t\t<div class=\"col-xs-12 col-sm-12 col-md-12 col-lg-8\">\n\t\t\t\t\t\t\n\t\t\t\t\t\t<!-- archive items -->\n\t\t\t\t\t\t<div class=\"archive-items\">\n\n\t\t\t\t\t\t\t\n\n<div class=\"archive-item scrolla-element-anim-1 scroll-animate\" data-animate=\"active\">\n\t<div id=\"post-16\" class=\"post-16 post type-post status-publish format-standard has-post-thumbnail hentry\">\n\t\t\t\t<div class=\"image\">\n\t\t\t<a href=\"https:\/\/www.casadionisio.mx\/blog\/titulo-de-la-publicacion-en-el-blog\/\">\n\t\t\t\t<img decoding=\"async\" src=\"https:\/\/www.casadionisio.mx\/blog\/wp-content\/uploads\/2022\/12\/36607c7b79f92511cf9e86a51f3541fa.jpg\" alt=\"How A Ritual Maya Spirit Is Conquering The World\u2019s Best Bars\" \/>\n\t\t\t<\/a>\n\t\t<\/div>\n\t\t\t\t<div class=\"desc\">\n\t\t\t<div class=\"category\">\n\t\t\t\t<span>diciembre 3, 2022<\/span>\t\t\t<\/div>\n\t\t\t<div class=\"title\">\n\t\t\t\t<a href=\"https:\/\/www.casadionisio.mx\/blog\/titulo-de-la-publicacion-en-el-blog\/\">How A Ritual Maya Spirit Is Conquering The World\u2019s Best Bars<\/a>\n\t\t\t<\/div>\n\t\t\t\t\t\t<div class=\"text\">\n\t\t\t\t<p>The highlands of Chiapas in Southwestern Mexico are a land of great contrasts. Surrounded by lush forests and cloud covered mountains where some of the country\u2019s best coffee grows, the Highlands are home to indigenous Maya peoples whose colorful, centuries old traditions survive amid&#8230; <\/p>\n<div class=\"readmore\"><a href=\"https:\/\/www.casadionisio.mx\/blog\/titulo-de-la-publicacion-en-el-blog\/\" class=\"btn-link\">Read more<\/a><\/div>\n\t\t\t<\/div>\n\t\t\t\t\t<\/div>\n\t<\/div><!-- #post-16 -->\n<\/div>\n\n<div class=\"archive-item scrolla-element-anim-1 scroll-animate\" data-animate=\"active\">\n\t<div id=\"post-885\" class=\"post-885 post type-post status-publish format-standard has-post-thumbnail hentry category-guides tag-news tag-showcase tag-wildlife tag-wordpress\">\n\t\t\t\t<div class=\"image\">\n\t\t\t<a href=\"https:\/\/www.casadionisio.mx\/blog\/how-to-do-panning-photography\/\">\n\t\t\t\t<img decoding=\"async\" src=\"https:\/\/www.casadionisio.mx\/blog\/wp-content\/uploads\/2022\/12\/e4916e8278d26954577621b804c36d74.jpg\" alt=\"THE DRINK BOOK \u2013 Apuntes sobre Pox Siglo Cero\" \/>\n\t\t\t<\/a>\n\t\t<\/div>\n\t\t\t\t<div class=\"desc\">\n\t\t\t<div class=\"category\">\n\t\t\t\tGuides<span> \/ <\/span><span>abril 1, 2021<\/span>\t\t\t<\/div>\n\t\t\t<div class=\"title\">\n\t\t\t\t<a href=\"https:\/\/www.casadionisio.mx\/blog\/how-to-do-panning-photography\/\">THE DRINK BOOK \u2013 Apuntes sobre Pox Siglo Cero<\/a>\n\t\t\t<\/div>\n\t\t\t\t\t\t<div class=\"text\">\n\t\t\t\t<p>Pox Siglo Cero:&nbsp;Una m\u00edstica bebida de descendencia maya Cuando se habla de destilados, voltear a rincones del mundo tan especiales como Chiapas, una regi\u00f3n conocida por su caf\u00e9, su arquitectura colonial y sus bellezas naturales, resulta emocionante; pues este estado tiene en su repertorio&#8230; <\/p>\n<div class=\"readmore\"><a href=\"https:\/\/www.casadionisio.mx\/blog\/how-to-do-panning-photography\/\" class=\"btn-link\">Read more<\/a><\/div>\n\t\t\t<\/div>\n\t\t\t\t\t<\/div>\n\t<\/div><!-- #post-885 -->\n<\/div>\n\n<div class=\"archive-item scrolla-element-anim-1 scroll-animate\" data-animate=\"active\">\n\t<div id=\"post-881\" class=\"post-881 post type-post status-publish format-standard has-post-thumbnail hentry category-fashion tag-fashion tag-modern tag-photo tag-wordpress\">\n\t\t\t\t<div class=\"image\">\n\t\t\t<a href=\"https:\/\/www.casadionisio.mx\/blog\/3-ways-to-level-up-your-photography\/\">\n\t\t\t\t<img decoding=\"async\" src=\"https:\/\/www.casadionisio.mx\/blog\/wp-content\/uploads\/2022\/12\/b54de1f9a75a29630024a9243c88ee89.jpg\" alt=\"POX, DESTILADO DE MA\u00cdZ DE CHIAPAS\" \/>\n\t\t\t<\/a>\n\t\t<\/div>\n\t\t\t\t<div class=\"desc\">\n\t\t\t<div class=\"category\">\n\t\t\t\tFashion<span> \/ <\/span><span>abril 1, 2021<\/span>\t\t\t<\/div>\n\t\t\t<div class=\"title\">\n\t\t\t\t<a href=\"https:\/\/www.casadionisio.mx\/blog\/3-ways-to-level-up-your-photography\/\">POX, DESTILADO DE MA\u00cdZ DE CHIAPAS<\/a>\n\t\t\t<\/div>\n\t\t\t\t\t\t<div class=\"text\">\n\t\t\t\t<p>Escrito por: Wendy P\u00e9rez10-01-2021 Desde el coraz\u00f3n de las comunidades ind\u00edgenas chiapanecas sigue viva esta bebida tradicional que a trav\u00e9s de marcas como Siglo Cero se muestra al mundo. El pox (pronunciado&nbsp;posh) es un destilado de origen maya que se prepara a partir de&#8230; <\/p>\n<div class=\"readmore\"><a href=\"https:\/\/www.casadionisio.mx\/blog\/3-ways-to-level-up-your-photography\/\" class=\"btn-link\">Read more<\/a><\/div>\n\t\t\t<\/div>\n\t\t\t\t\t<\/div>\n\t<\/div><!-- #post-881 -->\n<\/div>\t\t\t\t\t\t\t\n\t\t\t\t\t\t<\/div>\n\n\t\t\t\t\t\t<!-- pager -->\n\t\t\t\t\t\t<div class=\"pager\">\n\t\t\t\t\t\t\t\t\t\t\t\t\t<\/div>\n\t\t\t\t\t\t\t\t\t\t\t<\/div>\n\t\t\t\t\t\t\t\t\t\t<div class=\"col-xs-12 col-sm-12 col-md-12 col-lg-4\">\n\t\t\t\t\t\t\n\t\t\t\t\t\t<!-- sidebar -->\n\t\t\t\t\t\t<div class=\"col__sedebar scrolla-element-anim-1 scroll-animate\" data-animate=\"active\">\n\t\t\t\t\t\t\t\n\t\t\t\t\t\t\t\n\t\t\t\t\t\t<\/div>\n\n\t\t\t\t\t<\/div>\n\t\t\t\t\t\t\t\t\t<\/div>\n\t\t\t<\/div>\n\t\t<\/div>\n\n\t\t\t\t<\/div>\n\t\t\t\t<\/div>\n\t\t\t\t\t<\/div>\n\t\t<\/div>\n\t\t\t\t\t\t\t<\/div>\n\t\t<\/section>\n\t\t\t\t\t\t\t<\/div>\n\t\t","protected":false},"excerpt":{"rendered":"<p>Our blog Guides \/ April 1, 2021 How to Do Panning Photography Vivamus interdum suscipit lacus. Nunc ultrices accumsan mattis. Aliquam vel sem vel velit efficitur malesuada. Donec arcu lacus, ornare eget ligula vel, commodo luctus felis. Ut dignissim sapien sit amet molestie rutrum&#8230;. <\/p>\n<div class=\"readmore\"><a href=\"https:\/\/www.casadionisio.mx\/blog\/3-ways-to-level-up-your-photography\/\" class=\"btn-link\">Read more<\/a><\/div>\n","protected":false},"author":1,"featured_media":0,"parent":0,"menu_order":0,"comment_status":"closed","ping_status":"closed","template":"template-layout-builder.php","meta":{"_coblocks_attr":"","_coblocks_dimensions":"","_coblocks_responsive_height":"","_coblocks_accordion_ie_support":""},"acf":[],"_links":{"self":[{"href":"https:\/\/www.casadionisio.mx\/blog\/wp-json\/wp\/v2\/pages\/286"}],"collection":[{"href":"https:\/\/www.casadionisio.mx\/blog\/wp-json\/wp\/v2\/pages"}],"about":[{"href":"https:\/\/www.casadionisio.mx\/blog\/wp-json\/wp\/v2\/types\/page"}],"author":[{"embeddable":true,"href":"https:\/\/www.casadionisio.mx\/blog\/wp-json\/wp\/v2\/users\/1"}],"replies":[{"embeddable":true,"href":"https:\/\/www.casadionisio.mx\/blog\/wp-json\/wp\/v2\/comments?post=286"}],"version-history":[{"count":1,"href":"https:\/\/www.casadionisio.mx\/blog\/wp-json\/wp\/v2\/pages\/286\/revisions"}],"predecessor-version":[{"id":2347,"href":"https:\/\/www.casadionisio.mx\/blog\/wp-json\/wp\/v2\/pages\/286\/revisions\/2347"}],"wp:attachment":[{"href":"https:\/\/www.casadionisio.mx\/blog\/wp-json\/wp\/v2\/media?parent=286"}],"curies":[{"name":"wp","href":"https:\/\/api.w.org\/{rel}","templated":true}]}}